{"id":39,"date":"2025-01-14T09:10:37","date_gmt":"2025-01-14T08:10:37","guid":{"rendered":"https:\/\/chalet-vrsnik.eu\/about\/"},"modified":"2025-02-24T07:11:28","modified_gmt":"2025-02-24T06:11:28","slug":"about","status":"publish","type":"page","link":"https:\/\/chalet-vrsnik.eu\/sl\/about\/","title":{"rendered":"Dolina So\u010da"},"content":{"rendered":"<p>Lorem Ipsum has been the industry&#8217;s standard dummy text ever since the 1500s.<\/p>\n\n\n\n\n\n\n\n<h2>Dolina So\u010da<\/h2>\n\n\n\n\n\n<p class=\"translation-block\">Dolina So\u010de je od leta 2020 nosilka zlatega znaka Slovenia Green Destination Gold, kar izkazuje, da se turizem v na\u0161i dolini razvija po trajnostnih na\u010delih, hkrati pa pomeni zeleno zavezo, da si bomo prizadevali za izbolj\u0161ave in ravnali odgovorno v skrbi za prihodnje generacije.<br><br>Bodimo del zelene zgodbe Doline So\u010de<br><br>Upo\u010dasnimo svoj korak in do\u017eivimo Dolino So\u010de od blizu. Vanjo vstopajmo kot gostje in poskrbimo, da se bomo tu vsi prijetno po\u010dutili.<br><br>Vozilo pu\u0161\u010dajmo na ozna\u010denih parkirnih mestih.<br>Skrite koti\u010dke odkrivajmo pe\u0161, s kolesom ali kajakom.<br>Potujmo izven glavne sezone in ostanimo dlje.<br>Stopajmo po ozna\u010denih poteh, primerno obuti in oble\u010deni.<br>Ne povzro\u010dajmo hrupa, narava nam bo hvale\u017ena.<br>Spo\u0161tujmo re\u017eime, ki veljajo ob in na rekah ter v zraku.<br>Pijmo vodo iz pipe in naravnih virov.<br>Lo\u010dujmo odpadke, iz narave jih odnesimo s seboj.<br><br>Precej\u0161nji del destinacije sodi v Triglavski narodni park, edini nacionalni park v Sloveniji, in Naturo 2000, ki predstavlja omre\u017eje posebnih varstvenih obmo\u010dij. Cela destinacija pa sodi v Biosferno obmo\u010dje Julijske Alpe in se s programom \u010clovek in biosfera \u017ee ve\u010d kot dvajset let uvr\u0161\u010dene med biosferne rezervate mednarodnega pomena.<br><br>Vse to pri\u010da o izjemni biotski raznovrstnosti ter bogastvu naravne in kulturne dedi\u0161\u010dine. Ker je turizem v Dolini So\u010de ena najpomembnej\u0161ih gospodarskih panog, trajnostni razvoj ni vpra\u0161anje, ki dovoljuje izbiro, temve\u010d zahteva, ki jo narekujejo povpra\u0161evanje in \u010dedalje bolj omejeni okolijski viri.<br><br><strong>Raj za aktivne po\u010ditnice<\/strong><br><br>Bovec, majhno mesto na pragu Triglavskega narodnega parka, obkro\u017eeno z visokimi vrhovi Julijskih Alp, center aktivnosti na prostem, ki kar vabi s pisano mno\u017eico \u0161portnih do\u017eivetij. Vzemite si \u010das za prijetno kosilo v doma\u010di gostilni, okusite priljubljene bov\u0161ke krafe, posedite na \u017eivahnem bov\u0161kem trgu, ki se zve\u010der spremeni v prizori\u0161\u010de zabavnih prireditev. Sprehodite se do slapa Virje in stopite po poteh so\u0161ke fronte, do muzejev na prostem.<br><br>V okolici si oglejte Trento z Lepeno, slikovito dolino Triglavskega narodnega parka, ki je prizori\u0161\u010de samotnih kmetij, trde preteklosti in nepopisno o\u010darljivih naravnih biserov, med katerimi izstopajo izvir So\u010de, Velika korita So\u010de in \u0160unikov vodni gaj. Tu Julius Kugy z ob\u010dudovanjem in ponosno pogleduje proti mogo\u010dnemu Jalovcu.<br><br>Obi\u0161\u010dite Log pod Mangartom, idili\u010dno alpsko vasico pod 5 km \u0161irokim in ve\u010d kot 1000 m visokim grebenom Lo\u0161ke stene. Pogled iz Loga se pogosto ustavi na gori Mangart, proti kateri se vzpenja dih jemajo\u010da panoramska cesta, ki je hkrati najvi\u0161e le\u017ee\u010da gorska cesta v Sloveniji.<br><br>\u010ce ste ljubitelji po\u010ditnic ob vodi, vas bo z izjemnim dostopom do so\u0161kih prodi\u0161\u010d navdu\u0161ila \u010cezso\u010da. Streljaj stran, na soto\u010dju So\u010de in Koritnice, le\u017eijo Vodenca, sti\u010di\u0161\u010de \u0161tirih priljubljenih kampov. Ko boste \u017eeleli pobegniti \u017eivahnemu turisti\u010dnem utripu, razi\u0161\u010dite manj\u0161e vasice kot so Plu\u017ena, Kal-Koritnica, \u017daga in Srpenica.<\/p>\n\n\n\n<p><\/p>","protected":false},"excerpt":{"rendered":"","protected":false},"author":1,"featured_media":0,"parent":0,"menu_order":0,"comment_status":"closed","ping_status":"closed","template":"","meta":{"pagelayer_contact_templates":[],"_pagelayer_content":"","ngg_post_thumbnail":0,"footnotes":""},"_links":{"self":[{"href":"https:\/\/chalet-vrsnik.eu\/sl\/wp-json\/wp\/v2\/pages\/39"}],"collection":[{"href":"https:\/\/chalet-vrsnik.eu\/sl\/wp-json\/wp\/v2\/pages"}],"about":[{"href":"https:\/\/chalet-vrsnik.eu\/sl\/wp-json\/wp\/v2\/types\/page"}],"author":[{"embeddable":true,"href":"https:\/\/chalet-vrsnik.eu\/sl\/wp-json\/wp\/v2\/users\/1"}],"replies":[{"embeddable":true,"href":"https:\/\/chalet-vrsnik.eu\/sl\/wp-json\/wp\/v2\/comments?post=39"}],"version-history":[{"count":15,"href":"https:\/\/chalet-vrsnik.eu\/sl\/wp-json\/wp\/v2\/pages\/39\/revisions"}],"predecessor-version":[{"id":513,"href":"https:\/\/chalet-vrsnik.eu\/sl\/wp-json\/wp\/v2\/pages\/39\/revisions\/513"}],"wp:attachment":[{"href":"https:\/\/chalet-vrsnik.eu\/sl\/wp-json\/wp\/v2\/media?parent=39"}],"curies":[{"name":"wp","href":"https:\/\/api.w.org\/{rel}","templated":true}]}}