{"id":38,"date":"2025-01-14T09:10:37","date_gmt":"2025-01-14T08:10:37","guid":{"rendered":"https:\/\/chalet-vrsnik.eu\/home\/"},"modified":"2025-02-24T07:27:05","modified_gmt":"2025-02-24T06:27:05","slug":"home","status":"publish","type":"page","link":"https:\/\/chalet-vrsnik.eu\/sl\/","title":{"rendered":"Domov"},"content":{"rendered":"<h2>DO\u017dIVETJE!<\/h2>\n\n\n\n\n\n<p><strong>Predstavljajte si, da se vsako jutro zbudite ob zvoku zasebnega poto\u010dka, ki te\u010de tik ob va\u0161em oknu, obdanega z mirno lepoto doline So\u010de.<\/strong><br><br>V na\u0161i po\u010ditni\u0161ki hi\u0161i lahko do\u017eivite popolne po\u010ditnice v zasebnem in mirnem okolju. S presti\u017enim udobjem, kot so masa\u017ena kad, zunanji \u017ear in popolnoma opremljena kuhinja, imate vse, kar potrebujete za sprostitev in obnovitev energije.<br><br>Torej zakaj bi \u010dakali?\u00a0<strong>Rezervirajte svoj oddih \u017ee danes in za\u010dnite ustvarjati spomine, ki bodo trajali vse \u017eivljenje.<\/strong><\/p>\n\n\n\n\n\n\n\n<p>Lorem Ipsum has been the industry&#8217;s standard dummy text ever since the 1500s.<\/p>","protected":false},"excerpt":{"rendered":"","protected":false},"author":1,"featured_media":0,"parent":0,"menu_order":0,"comment_status":"closed","ping_status":"closed","template":"","meta":{"pagelayer_contact_templates":[],"_pagelayer_content":"","ngg_post_thumbnail":0,"footnotes":""},"_links":{"self":[{"href":"https:\/\/chalet-vrsnik.eu\/sl\/wp-json\/wp\/v2\/pages\/38"}],"collection":[{"href":"https:\/\/chalet-vrsnik.eu\/sl\/wp-json\/wp\/v2\/pages"}],"about":[{"href":"https:\/\/chalet-vrsnik.eu\/sl\/wp-json\/wp\/v2\/types\/page"}],"author":[{"embeddable":true,"href":"https:\/\/chalet-vrsnik.eu\/sl\/wp-json\/wp\/v2\/users\/1"}],"replies":[{"embeddable":true,"href":"https:\/\/chalet-vrsnik.eu\/sl\/wp-json\/wp\/v2\/comments?post=38"}],"version-history":[{"count":11,"href":"https:\/\/chalet-vrsnik.eu\/sl\/wp-json\/wp\/v2\/pages\/38\/revisions"}],"predecessor-version":[{"id":515,"href":"https:\/\/chalet-vrsnik.eu\/sl\/wp-json\/wp\/v2\/pages\/38\/revisions\/515"}],"wp:attachment":[{"href":"https:\/\/chalet-vrsnik.eu\/sl\/wp-json\/wp\/v2\/media?parent=38"}],"curies":[{"name":"wp","href":"https:\/\/api.w.org\/{rel}","templated":true}]}}